{"id":10020,"date":"2023-02-18T13:13:43","date_gmt":"2023-02-18T12:13:43","guid":{"rendered":"https:\/\/micelium.es\/?page_id=10020"},"modified":"2024-01-09T21:02:56","modified_gmt":"2024-01-09T20:02:56","slug":"privacidad","status":"publish","type":"page","link":"https:\/\/micelium.es\/de\/privacidad\/","title":{"rendered":"Datenschutz"},"content":{"rendered":"<div data-elementor-type=\"wp-page\" data-elementor-id=\"10020\" class=\"elementor elementor-10020\" data-elementor-post-type=\"page\">\n\t\t\t\t<div class=\"elementor-element elementor-element-bbb8812 e-con-full e-flex e-con e-parent\" data-id=\"bbb8812\" data-element_type=\"container\" data-e-type=\"container\" data-settings=\"{&quot;background_background&quot;:&quot;classic&quot;}\">\n\t\t\t\t<div class=\"elementor-element elementor-element-3ba1a5e elementor-widget elementor-widget-heading\" data-id=\"3ba1a5e\" data-element_type=\"widget\" data-e-type=\"widget\" data-widget_type=\"heading.default\">\n\t\t\t\t<div class=\"elementor-widget-container\">\n\t\t\t\t\t<h1 class=\"elementor-heading-title elementor-size-default\">Datenschutzerkl\u00e4rung<\/h1>\t\t\t\t<\/div>\n\t\t\t\t<\/div>\n\t\t\t\t<\/div>\n\t\t<div class=\"elementor-element elementor-element-7767caf5 e-flex e-con-boxed e-con e-parent\" data-id=\"7767caf5\" data-element_type=\"container\" data-e-type=\"container\">\n\t\t\t\t\t<div class=\"e-con-inner\">\n\t\t\t\t<div class=\"elementor-element elementor-element-6de5431d elementor-widget elementor-widget-text-editor\" data-id=\"6de5431d\" data-element_type=\"widget\" data-e-type=\"widget\" data-widget_type=\"text-editor.default\">\n\t\t\t\t<div class=\"elementor-widget-container\">\n\t\t\t\t\t\t\t\t\t<div class=\"fw-column col-xs-12 col-12\">\n\t<div class=\"text-wrap\">\n\t<h3 align=\"left\"><strong>POL\u00cdTICA DE PRIVACIDAD \u2013 VIDEOVIGILANCIA<\/strong><\/h3><p align=\"left\">La presente informaci\u00f3n supone el compromiso de MICELIUM COWORKING SPACE (en adelante MICELIUM COWORKING SPACE) con la privacidad de los datos relacionados con la VIDEOVIGILANCIA de las oficinas centrales.<\/p><h3 align=\"left\"><strong>RESPONSABLE DEL TRATAMIENTO<\/strong><\/h3><p align=\"left\">Titular: MICELIUM COWORKING SPACE<br \/>Domicilio social: calle Vergel, 10 \u2013 D\u00e9nia (Alicante), Espa\u00f1a<\/p><p align=\"left\">NIF: 53631282C<br \/>Tel\u00e9fono: 685 58 14 22<br \/>E- mail: contacto@micelium.es<\/p><p>P\u00e1gina Informaci\u00f3n:<br \/><span style=\"color: #0000ff\"><a style=\"color: #0000ff\" href=\"https:\/\/micelium.es\/de\/kontakt\/\">https:\/\/www.micelium.es\/contacto<\/a><\/span><\/p><h3 align=\"left\">PRINCIPIOS B\u00c1SICOS<\/h3><p align=\"left\">Las im\u00e1genes, independientemente del formato en el que se contengan, tienen la consideraci\u00f3n de datos de car\u00e1cter personal en virtud del art\u00edculo 5.1 del RGPD. La captaci\u00f3n y\/o la grabaci\u00f3n de im\u00e1genes de personas identificadas, o identificables, con fines de vigilancia mediante c\u00e1maras, videoc\u00e1maras, o cualquier otro medio t\u00e9cnico an\u00e1logo, constituye un tratamiento de datos personales sometido a la normativa de protecci\u00f3n de datos. La videovigilancia persigue garantizar la seguridad de los bienes y de las personas. No se podr\u00e1n obtener im\u00e1genes de espacios p\u00fablicos con fines de seguridad, actividad que est\u00e1 reservada en exclusiva a las Fuerzas y Cuerpos de Seguridad, salvo im\u00e1genes parciales y limitadas que resulten imprescindibles para la vigilancia o sea imposible evitarlas. Tampoco se pueden captar im\u00e1genes en ba\u00f1os, vestuarios o lugares an\u00e1logos, ni de espacios ajenos.<\/p><h3 align=\"left\">INFORMACI\u00d3N, CONSENTIMIENTO Y OBLIGATORIEDAD DE FACILITAR LOS DATOS<\/h3><p align=\"left\">Mediante carteles informativos de videovigilancia existentes en los accesos, per\u00edmetro e interior de las oficinas centrales, se informa de la existencia de un circuito cerrado de televisi\u00f3n con grabaci\u00f3n de im\u00e1genes. A trav\u00e9s del acceso a las instalaciones, el INTERESADO presta su consentimiento libre, informado, expreso, espec\u00edfico e inequ\u00edvoco para que su imagen sea tratada por MICELIUM COWORKING SPACE para las finalidades descritas en el apartado 4 de la presente pol\u00edtica de privacidad. Estar expuesto a la grabaci\u00f3n de im\u00e1genes es preceptivo para poder ser atendido por los trabajadores de MICELIUM COWORKING SPACE ubicados en las oficinas centrales.<\/p><h3 align=\"left\">FINALIDAD Y CONSERVACI\u00d3N DEL TRATAMIENTO DE LOS DATOS.<\/h3><p align=\"left\">MICELIUM COWORKING SPACE tratar\u00e1 las im\u00e1genes de los INTERESADOS de manera automatizada para preservar la seguridad de las personas y bienes, as\u00ed como de las instalaciones. Las im\u00e1genes ser\u00e1n conservadas durante un plazo m\u00e1ximo de un mes desde su captaci\u00f3n, transcurrido el cual se proceder\u00e1 al borrado. Cuando se produjese la grabaci\u00f3n de un delito o infracci\u00f3n administrativa que deba ser puesta en conocimiento de una autoridad deber\u00e1n conservarse las im\u00e1genes con el \u00fanico fin de ponerlas a disposici\u00f3n de la citada autoridad sin que puedan ser utilizadas para ning\u00fan otro prop\u00f3sito.<\/p><h3 align=\"left\">TIPOLOGIA DE DATOS.<\/h3><p align=\"left\">Atendiendo a las finalidades mencionadas en el apartado 4, MICELIUM COWORKING SPACE trata las siguientes categor\u00edas de datos:<\/p><p align=\"left\">Datos identificativos: im\u00e1genes y v\u00eddeos.<\/p><h3 align=\"left\">LEGITIMACI\u00d3N<\/h3><p align=\"left\">La legitimaci\u00f3n para el tratamiento de im\u00e1genes del INTERESADO es la atenci\u00f3n del mismo por personal de MICELIUM COWORKING SPACE que desarrolla su actividad en las oficinas centrales, y se basa en el consentimiento a la grabaci\u00f3n mediante el acceso al edificio. Dicho consentimiento puede ser retirado en cualquier momento, aunque no afectar\u00e1 a la licitud de los tratamientos efectuados con anterioridad. Igualmente se podr\u00e1 utilizar la informaci\u00f3n del interesado para el cumplimiento de las diferentes obligaciones legales de MICELIUM COWORKING SPACE.<\/p><h3 align=\"left\">COMUNICACIONES DE DATOS<\/h3><p align=\"left\">Los datos obtenidos a trav\u00e9s de sistemas de c\u00e1maras o videoc\u00e1maras no ser\u00e1n cedidos a terceros sin el consentimiento expreso del INTERESADO, salvo que MICELIUM COWORKING SPACE est\u00e9 obligado a ello por alguna normativa o legislaci\u00f3n de preceptivo cumplimiento. As\u00ed mismo, podr\u00e1n ser cedidos igualmente a terceros a los que MICELIUM COWORKING SPACE est\u00e1 obligado por imperativo legal a transmitir informaci\u00f3n, como autoridades p\u00fablicas en cumplimiento de sus exigencias, as\u00ed como por la normativa o legislaci\u00f3n de preceptivo cumplimiento aplicable. Por \u00faltimo, podr\u00e1n ser cedidos a las empresas de gesti\u00f3n compartida con MICELIUM COWORKING SPACE, con la finalidad de poder llevar a cabo la centralizaci\u00f3n de procesos administrativos e inform\u00e1ticos.<\/p><h3 align=\"left\">MEDIDAS DE SEGURIDAD<\/h3><p align=\"left\">MICELIUM COWORKING SPACE est\u00e1 comprometida con la protecci\u00f3n de los datos personales y la privacidad del INTERESADO por lo que en todo momento tratar\u00e1 sus datos de forma absolutamente confidencial y guardando el preceptivo deber de secreto respecto de los mismos. MICELIUM COWORKING SPACE cuenta con pol\u00edticas internas apropiadas, de conformidad con lo previsto en la normativa de aplicaci\u00f3n, adoptando al efecto las medidas de \u00edndole t\u00e9cnica y organizativas necesarias que garantizan la seguridad de sus datos y evitan su alteraci\u00f3n, p\u00e9rdida, tratamiento o acceso no autorizado, habida cuenta de los riesgos a los que est\u00e1n expuestos y de la tipolog\u00eda de los datos almacenados. De igual modo, se actuar\u00e1 con la diligencia empresarial adecuada para garantizar que los empleados de MICELIUM COWORKING SPACE que accedan a sus datos personales hayan recibido la capacitaci\u00f3n adecuada. El responsable informar\u00e1 a qui\u00e9n tenga acceso a las im\u00e1genes sobre sus obligaciones de seguridad (reserva, confidencialidad y sigilo) y de su deber de guardar secreto. De igual modo se adoptar\u00e1n medidas que impidan el acceso a las im\u00e1genes por parte de personal no autorizado.<\/p><h3 align=\"left\">DERECHOS DEL INTERESADO<\/h3><p align=\"left\">En cualquier momento y de manera gratuita, el INTERESADO ostenta los derechos citados a continuaci\u00f3n. De acuerdo con los art\u00edculos 15 al 21 del Reglamento (UE) 2016\/679 de protecci\u00f3n de datos (RGPD) y la Ley Org\u00e1nica 3\/2018 de 5 de diciembre de protecci\u00f3n de datos personales y garant\u00eda de los derechos digitales, podr\u00e1 ejercer su derecho de acceso a los datos recabados por MICELIUM COWORKING SPACE, a la rectificaci\u00f3n, supresi\u00f3n (\u201cderecho al olvido\u201d), limitaci\u00f3n, oposici\u00f3n y portabilidad de dichos datos, mediante solicitud escrita y firmada dirigida a la direcci\u00f3n postal y\/o electr\u00f3nica que consta en el apartado 1, indicando nombre y apellidos, domicilio a efectos de notificaciones y petici\u00f3n en que se concreta la solicitud, debiendo aportar fotocopia del Documento Nacional de Identidad o equivalente acreditativo de su identidad, y poder de representaci\u00f3n, en su caso. Los mencionados derechos consisten en la facultad que tiene el INTERESADO, bajo las exigencias de la citada normativa, de conocer qu\u00e9 datos obran en poder de MICELIUM COWORKING SPACE y qu\u00e9 uso se les da; actualizar sus datos; limitar el tratamiento que se hace de ellos; ejercitar el \u201cderecho al olvido\u201d o de supresi\u00f3n; manifestar su oposici\u00f3n al tratamiento en determinadas circunstancias y por motivos relacionados con su situaci\u00f3n particular; recibir copia de sus datos en un formato accesible o pedir su cancelaci\u00f3n. En cualquier momento el INTERESADO podr\u00e1 retirar el consentimiento que hubiese dado al tratamiento espec\u00edfico, mediante el procedimiento ya citado, pudiendo causar esta acci\u00f3n la baja de los procesos de selecci\u00f3n de los que el INTERESADO pudiera formar parte. Se recuerda al INTERESADO el derecho que ostenta de presentar reclamaci\u00f3n ante la Agencia Espa\u00f1ola de Protecci\u00f3n de Datos, con domicilio en Jorge Juan n\u00famero 6, CP 28001, Madrid, con el fin de salvaguardar sus derechos.<\/p><h3 align=\"left\">AUTORIZACI\u00d3N<\/h3><p align=\"left\">En MICELIUM COWORKING SPACE estamos comprometidos con el cumplimiento normativo y el respeto de los derechos del INTERESADO, as\u00ed como el respeto a su privacidad, por lo que si tiene alguna duda con respecto a c\u00f3mo tratamos sus datos personales, no dude en ponerse en contacto con nosotros de la manera que le hemos descrito. Mediante el acceso a las instalaciones, el INTERESADO CONSIENTE Y AUTORIZA EXPRESAMENTE a MICELIUM COWORKING SPACE a la inclusi\u00f3n de sus im\u00e1genes en nuestros ficheros para las finalidades anteriormente rese\u00f1adas y a su tratamiento<\/p><\/div>\n<\/div><!-- .col-* -->\n\n\n<!-- 92a9fad6bb0d5b820f8d06365a491378 -->\t\t\t\t\t\t\t\t<\/div>\n\t\t\t\t<\/div>\n\t\t\t\t\t<\/div>\n\t\t\t\t<\/div>\n\t\t\t\t<\/div>","protected":false},"excerpt":{"rendered":"<p>Pol\u00edtica de privacidad POL\u00cdTICA DE PRIVACIDAD \u2013 VIDEOVIGILANCIA La presente informaci\u00f3n supone el compromiso de MICELIUM COWORKING SPACE (en adelante MICELIUM COWORKING SPACE) con la privacidad de los datos relacionados con la VIDEOVIGILANCIA de las oficinas centrales. RESPONSABLE DEL TRATAMIENTO Titular: MICELIUM COWORKING SPACEDomicilio social: calle Vergel, 10 \u2013 D\u00e9nia (Alicante), Espa\u00f1a NIF: 53631282CTel\u00e9fono: 685 [&hellip;]<\/p>\n","protected":false},"author":1,"featured_media":0,"parent":0,"menu_order":0,"comment_status":"closed","ping_status":"closed","template":"elementor_header_footer","meta":{"content-type":"","_joinchat":[],"footnotes":""},"class_list":["post-10020","page","type-page","status-publish","hentry"],"yoast_head":"<!-- This site is optimized with the Yoast SEO plugin v27.4 - https:\/\/yoast.com\/product\/yoast-seo-wordpress\/ -->\n<title>Pol\u00edtica de Privacidad - Micelium Coworking Space<\/title>\n<meta name=\"robots\" content=\"index, follow, max-snippet:-1, max-image-preview:large, max-video-preview:-1\" \/>\n<link rel=\"canonical\" href=\"https:\/\/micelium.es\/de\/privacidad\/\" \/>\n<meta property=\"og:locale\" content=\"de_DE\" \/>\n<meta property=\"og:type\" content=\"article\" \/>\n<meta property=\"og:title\" content=\"Pol\u00edtica de Privacidad - Micelium Coworking Space\" \/>\n<meta property=\"og:description\" content=\"Pol\u00edtica de privacidad POL\u00cdTICA DE PRIVACIDAD \u2013 VIDEOVIGILANCIA La presente informaci\u00f3n supone el compromiso de MICELIUM COWORKING SPACE (en adelante MICELIUM COWORKING SPACE) con la privacidad de los datos relacionados con la VIDEOVIGILANCIA de las oficinas centrales. RESPONSABLE DEL TRATAMIENTO Titular: MICELIUM COWORKING SPACEDomicilio social: calle Vergel, 10 \u2013 D\u00e9nia (Alicante), Espa\u00f1a NIF: 53631282CTel\u00e9fono: 685 [&hellip;]\" \/>\n<meta property=\"og:url\" content=\"https:\/\/micelium.es\/de\/privacidad\/\" \/>\n<meta property=\"og:site_name\" content=\"Micelium Coworking Space\" \/>\n<meta property=\"article:publisher\" content=\"https:\/\/www.facebook.com\/Miceliumcenter\/\" \/>\n<meta property=\"article:modified_time\" content=\"2024-01-09T20:02:56+00:00\" \/>\n<meta property=\"og:image\" content=\"https:\/\/i0.wp.com\/micelium.es\/wp-content\/uploads\/2022\/03\/Micelium-corto-negro.png?fit=3508%2C3508&ssl=1\" \/>\n\t<meta property=\"og:image:width\" content=\"3508\" \/>\n\t<meta property=\"og:image:height\" content=\"3508\" \/>\n\t<meta property=\"og:image:type\" content=\"image\/png\" \/>\n<meta name=\"twitter:card\" content=\"summary_large_image\" \/>\n<meta name=\"twitter:label1\" content=\"Gesch\u00e4tzte Lesezeit\" \/>\n\t<meta name=\"twitter:data1\" content=\"6\u00a0Minuten\" \/>\n<script type=\"application\/ld+json\" class=\"yoast-schema-graph\">{\"@context\":\"https:\\\/\\\/schema.org\",\"@graph\":[{\"@type\":\"WebPage\",\"@id\":\"https:\\\/\\\/micelium.es\\\/privacidad\\\/\",\"url\":\"https:\\\/\\\/micelium.es\\\/privacidad\\\/\",\"name\":\"Pol\u00edtica de Privacidad - Micelium Coworking Space\",\"isPartOf\":{\"@id\":\"https:\\\/\\\/micelium.es\\\/es\\\/#website\"},\"datePublished\":\"2023-02-18T12:13:43+00:00\",\"dateModified\":\"2024-01-09T20:02:56+00:00\",\"breadcrumb\":{\"@id\":\"https:\\\/\\\/micelium.es\\\/privacidad\\\/#breadcrumb\"},\"inLanguage\":\"de\",\"potentialAction\":[{\"@type\":\"ReadAction\",\"target\":[\"https:\\\/\\\/micelium.es\\\/privacidad\\\/\"]}]},{\"@type\":\"BreadcrumbList\",\"@id\":\"https:\\\/\\\/micelium.es\\\/privacidad\\\/#breadcrumb\",\"itemListElement\":[{\"@type\":\"ListItem\",\"position\":1,\"name\":\"Portada\",\"item\":\"https:\\\/\\\/micelium.es\\\/es\\\/\"},{\"@type\":\"ListItem\",\"position\":2,\"name\":\"Privacidad\"}]},{\"@type\":\"WebSite\",\"@id\":\"https:\\\/\\\/micelium.es\\\/es\\\/#website\",\"url\":\"https:\\\/\\\/micelium.es\\\/es\\\/\",\"name\":\"Micelium Coworking Space\",\"description\":\"Tu espacio de Coworking en D\u00e9nia\",\"publisher\":{\"@id\":\"https:\\\/\\\/micelium.es\\\/es\\\/#organization\"},\"alternateName\":\"Centro de Coworking en D\u00e9nia\",\"potentialAction\":[{\"@type\":\"SearchAction\",\"target\":{\"@type\":\"EntryPoint\",\"urlTemplate\":\"https:\\\/\\\/micelium.es\\\/es\\\/?s={search_term_string}\"},\"query-input\":{\"@type\":\"PropertyValueSpecification\",\"valueRequired\":true,\"valueName\":\"search_term_string\"}}],\"inLanguage\":\"de\"},{\"@type\":\"Organization\",\"@id\":\"https:\\\/\\\/micelium.es\\\/es\\\/#organization\",\"name\":\"Micelium Coworking Space\",\"alternateName\":\"Centro de Coworking en D\u00e9nia\",\"url\":\"https:\\\/\\\/micelium.es\\\/es\\\/\",\"logo\":{\"@type\":\"ImageObject\",\"inLanguage\":\"de\",\"@id\":\"https:\\\/\\\/micelium.es\\\/es\\\/#\\\/schema\\\/logo\\\/image\\\/\",\"url\":\"https:\\\/\\\/micelium.es\\\/wp-content\\\/uploads\\\/2022\\\/03\\\/Micelium-corto-negro.png\",\"contentUrl\":\"https:\\\/\\\/micelium.es\\\/wp-content\\\/uploads\\\/2022\\\/03\\\/Micelium-corto-negro.png\",\"width\":3508,\"height\":3508,\"caption\":\"Micelium Coworking Space\"},\"image\":{\"@id\":\"https:\\\/\\\/micelium.es\\\/es\\\/#\\\/schema\\\/logo\\\/image\\\/\"},\"sameAs\":[\"https:\\\/\\\/www.facebook.com\\\/Miceliumcenter\\\/\",\"https:\\\/\\\/www.instagram.com\\\/miceliumcenter\\\/?hl=es\"]}]}<\/script>\n<!-- \/ Yoast SEO plugin. -->","yoast_head_json":{"title":"Pol\u00edtica de Privacidad - Micelium Coworking Space","robots":{"index":"index","follow":"follow","max-snippet":"max-snippet:-1","max-image-preview":"max-image-preview:large","max-video-preview":"max-video-preview:-1"},"canonical":"https:\/\/micelium.es\/de\/privacidad\/","og_locale":"de_DE","og_type":"article","og_title":"Pol\u00edtica de Privacidad - Micelium Coworking Space","og_description":"Pol\u00edtica de privacidad POL\u00cdTICA DE PRIVACIDAD \u2013 VIDEOVIGILANCIA La presente informaci\u00f3n supone el compromiso de MICELIUM COWORKING SPACE (en adelante MICELIUM COWORKING SPACE) con la privacidad de los datos relacionados con la VIDEOVIGILANCIA de las oficinas centrales. RESPONSABLE DEL TRATAMIENTO Titular: MICELIUM COWORKING SPACEDomicilio social: calle Vergel, 10 \u2013 D\u00e9nia (Alicante), Espa\u00f1a NIF: 53631282CTel\u00e9fono: 685 [&hellip;]","og_url":"https:\/\/micelium.es\/de\/privacidad\/","og_site_name":"Micelium Coworking Space","article_publisher":"https:\/\/www.facebook.com\/Miceliumcenter\/","article_modified_time":"2024-01-09T20:02:56+00:00","og_image":[{"width":3508,"height":3508,"url":"https:\/\/i0.wp.com\/micelium.es\/wp-content\/uploads\/2022\/03\/Micelium-corto-negro.png?fit=3508%2C3508&ssl=1","type":"image\/png"}],"twitter_card":"summary_large_image","twitter_misc":{"Gesch\u00e4tzte Lesezeit":"6\u00a0Minuten"},"schema":{"@context":"https:\/\/schema.org","@graph":[{"@type":"WebPage","@id":"https:\/\/micelium.es\/privacidad\/","url":"https:\/\/micelium.es\/privacidad\/","name":"Pol\u00edtica de Privacidad - Micelium Coworking Space","isPartOf":{"@id":"https:\/\/micelium.es\/es\/#website"},"datePublished":"2023-02-18T12:13:43+00:00","dateModified":"2024-01-09T20:02:56+00:00","breadcrumb":{"@id":"https:\/\/micelium.es\/privacidad\/#breadcrumb"},"inLanguage":"de","potentialAction":[{"@type":"ReadAction","target":["https:\/\/micelium.es\/privacidad\/"]}]},{"@type":"BreadcrumbList","@id":"https:\/\/micelium.es\/privacidad\/#breadcrumb","itemListElement":[{"@type":"ListItem","position":1,"name":"Portada","item":"https:\/\/micelium.es\/es\/"},{"@type":"ListItem","position":2,"name":"Privacidad"}]},{"@type":"WebSite","@id":"https:\/\/micelium.es\/es\/#website","url":"https:\/\/micelium.es\/es\/","name":"Micelium Coworking Space","description":"Ihr Coworking space in D\u00e9nia","publisher":{"@id":"https:\/\/micelium.es\/es\/#organization"},"alternateName":"Centro de Coworking en D\u00e9nia","potentialAction":[{"@type":"SearchAction","target":{"@type":"EntryPoint","urlTemplate":"https:\/\/micelium.es\/es\/?s={search_term_string}"},"query-input":{"@type":"PropertyValueSpecification","valueRequired":true,"valueName":"search_term_string"}}],"inLanguage":"de"},{"@type":"Organization","@id":"https:\/\/micelium.es\/es\/#organization","name":"Micelium Coworking Space","alternateName":"Centro de Coworking en D\u00e9nia","url":"https:\/\/micelium.es\/es\/","logo":{"@type":"ImageObject","inLanguage":"de","@id":"https:\/\/micelium.es\/es\/#\/schema\/logo\/image\/","url":"https:\/\/micelium.es\/wp-content\/uploads\/2022\/03\/Micelium-corto-negro.png","contentUrl":"https:\/\/micelium.es\/wp-content\/uploads\/2022\/03\/Micelium-corto-negro.png","width":3508,"height":3508,"caption":"Micelium Coworking Space"},"image":{"@id":"https:\/\/micelium.es\/es\/#\/schema\/logo\/image\/"},"sameAs":["https:\/\/www.facebook.com\/Miceliumcenter\/","https:\/\/www.instagram.com\/miceliumcenter\/?hl=es"]}]}},"_links":{"self":[{"href":"https:\/\/micelium.es\/de\/wp-json\/wp\/v2\/pages\/10020","targetHints":{"allow":["GET"]}}],"collection":[{"href":"https:\/\/micelium.es\/de\/wp-json\/wp\/v2\/pages"}],"about":[{"href":"https:\/\/micelium.es\/de\/wp-json\/wp\/v2\/types\/page"}],"author":[{"embeddable":true,"href":"https:\/\/micelium.es\/de\/wp-json\/wp\/v2\/users\/1"}],"replies":[{"embeddable":true,"href":"https:\/\/micelium.es\/de\/wp-json\/wp\/v2\/comments?post=10020"}],"version-history":[{"count":0,"href":"https:\/\/micelium.es\/de\/wp-json\/wp\/v2\/pages\/10020\/revisions"}],"wp:attachment":[{"href":"https:\/\/micelium.es\/de\/wp-json\/wp\/v2\/media?parent=10020"}],"curies":[{"name":"wp","href":"https:\/\/api.w.org\/{rel}","templated":true}]}}