{"id":4788,"date":"2019-07-31T12:59:29","date_gmt":"2019-07-31T12:59:29","guid":{"rendered":"http:\/\/micelium.es\/?page_id=4788"},"modified":"2026-04-23T22:16:42","modified_gmt":"2026-04-23T20:16:42","slug":"mi-cuenta","status":"publish","type":"page","link":"https:\/\/micelium.es\/en\/mi-cuenta\/","title":{"rendered":"Perfil de Coworker"},"content":{"rendered":"<div data-elementor-type=\"wp-page\" data-elementor-id=\"4788\" class=\"elementor elementor-4788\" data-elementor-post-type=\"page\">\n\t\t\t\t<div class=\"elementor-element elementor-element-41e253c e-flex e-con-boxed e-con e-parent\" data-id=\"41e253c\" data-element_type=\"container\" data-e-type=\"container\" data-settings=\"{&quot;background_background&quot;:&quot;classic&quot;}\">\n\t\t\t\t\t<div class=\"e-con-inner\">\n\t\t\t\t<div class=\"elementor-element elementor-element-578761d elementor-widget elementor-widget-heading\" data-id=\"578761d\" data-element_type=\"widget\" data-e-type=\"widget\" data-widget_type=\"heading.default\">\n\t\t\t\t<div class=\"elementor-widget-container\">\n\t\t\t\t\t<h1 class=\"elementor-heading-title elementor-size-default\">Escritorio <\/h1>\t\t\t\t<\/div>\n\t\t\t\t<\/div>\n\t\t\t\t\t<\/div>\n\t\t\t\t<\/div>\n\t\t<div class=\"elementor-element elementor-element-f9c41ee e-flex e-con-boxed e-con e-parent\" data-id=\"f9c41ee\" data-element_type=\"container\" data-e-type=\"container\">\n\t\t\t\t\t<div class=\"e-con-inner\">\n\t\t\t\t<div class=\"elementor-element elementor-element-e29343f elementor-widget elementor-widget-template\" data-id=\"e29343f\" data-element_type=\"widget\" data-e-type=\"widget\" data-widget_type=\"template.default\">\n\t\t\t\t<div class=\"elementor-widget-container\">\n\t\t\t\t\t\t\t<div class=\"elementor-template\">\n\t\t\t\t\t<div data-elementor-type=\"container\" data-elementor-id=\"20006\" class=\"elementor elementor-20006\" data-elementor-post-type=\"elementor_library\">\n\t\t\t\t\t\t<\/div>\n\t\t\t\t<\/div>\n\t\t\t\t\t\t<\/div>\n\t\t\t\t<\/div>\n\t\t\t\t\t<\/div>\n\t\t\t\t<\/div>\n\t\t<div class=\"elementor-element elementor-element-8cf0fdc e-flex e-con-boxed e-con e-parent\" data-id=\"8cf0fdc\" data-element_type=\"container\" data-e-type=\"container\" data-settings=\"{&quot;background_background&quot;:&quot;classic&quot;}\">\n\t\t\t\t\t<div class=\"e-con-inner\">\n\t\t<div class=\"elementor-element elementor-element-7c8ac5e e-con-full e-flex e-con e-child\" data-id=\"7c8ac5e\" data-element_type=\"container\" data-e-type=\"container\" id=\"cuenta\" data-settings=\"{&quot;background_background&quot;:&quot;classic&quot;}\">\n\t\t\t\t<div class=\"elementor-element elementor-element-0fa8b2a e-my-account-tabs-horizontal elementor-widget elementor-widget-woocommerce-my-account\" data-id=\"0fa8b2a\" data-element_type=\"widget\" data-e-type=\"widget\" data-widget_type=\"woocommerce-my-account.default\">\n\t\t\t\t<div class=\"elementor-widget-container\">\n\t\t\t\t\t<div class=\"e-my-account-tab e-my-account-tab__\">\t\t\t<div class=\"woocommerce\"><\/div>\t\t<\/div>\n\t\t\t\t\t\t<\/div>\n\t\t\t\t<\/div>\n\t\t\t\t<div class=\"elementor-element elementor-element-31c4179 elementor-widget elementor-widget-shortcode\" data-id=\"31c4179\" data-element_type=\"widget\" data-e-type=\"widget\" data-widget_type=\"shortcode.default\">\n\t\t\t\t<div class=\"elementor-widget-container\">\n\t\t\t\t\t\t\t<div class=\"elementor-shortcode\"><p style=\"color:#888;font-style:italic;\">Inicia sesi\u00f3n para ver tu c\u00f3digo de acceso.<\/p><\/div>\n\t\t\t\t\t\t<\/div>\n\t\t\t\t<\/div>\n\t\t\t\t<\/div>\n\t\t\t\t\t<\/div>\n\t\t\t\t<\/div>\n\t\t\t\t<\/div>","protected":false},"excerpt":{"rendered":"<p>Escritorio M\u00e9todos de pago M\u00e9todos de pago M\u00e9todos de pago M\u00e9todos de pago Hola &lt;strong&gt;Micelium Coworking Space&lt;\/strong&gt; (\u00bfno eres &lt;strong&gt;Micelium Coworking Space&lt;\/strong&gt;? &lt;a href=\u00bbhttps:\/\/micelium.es\/wp-login.php?action=logout&#038;redirect_to=https%3A%2F%2Fmicelium.es%2Fmi-cuenta%2F%3Felementor_wc_logout%3Dtrue%26elementor_my_account_redirect%3Dhttps%3A%2F%2Fmicelium.es%2Fmi-cuenta%2F&#038;_wpnonce=729de600e2&#8243;&gt;Cerrar sesi\u00f3n&lt;\/a&gt;) Desde el escritorio de tu cuenta puedes ver tus &lt;a href=\u00bbhttps:\/\/micelium.es\/mi-cuenta\/orders\/\u00bb&gt;pedidos recientes&lt;\/a&gt;, gestionar tus &lt;a href=\u00bbhttps:\/\/micelium.es\/mi-cuenta\/edit-address\/\u00bb&gt;direcciones de env\u00edo y facturaci\u00f3n&lt;\/a&gt; y &lt;a href=\u00bbhttps:\/\/micelium.es\/mi-cuenta\/edit-account\/\u00bb&gt;editar tu contrase\u00f1a y los detalles de tu [&hellip;]<\/p>\n","protected":false},"author":1,"featured_media":0,"parent":0,"menu_order":0,"comment_status":"closed","ping_status":"closed","template":"elementor_header_footer","meta":{"content-type":"","_joinchat":[],"footnotes":""},"class_list":["post-4788","page","type-page","status-publish","hentry"],"yoast_head":"<!-- This site is optimized with the Yoast SEO plugin v27.5 - https:\/\/yoast.com\/product\/yoast-seo-wordpress\/ -->\n<title>Mi cuenta - Micelium Coworking Space<\/title>\n<meta name=\"robots\" content=\"index, follow, max-snippet:-1, max-image-preview:large, max-video-preview:-1\" \/>\n<link rel=\"canonical\" href=\"https:\/\/micelium.es\/en\/mi-cuenta\/\" \/>\n<meta property=\"og:locale\" content=\"en_US\" \/>\n<meta property=\"og:type\" content=\"article\" \/>\n<meta property=\"og:title\" content=\"Mi cuenta - Micelium Coworking Space\" \/>\n<meta property=\"og:description\" content=\"Escritorio M\u00e9todos de pago M\u00e9todos de pago M\u00e9todos de pago M\u00e9todos de pago Hola &lt;strong&gt;Micelium Coworking Space&lt;\/strong&gt; (\u00bfno eres &lt;strong&gt;Micelium Coworking Space&lt;\/strong&gt;? &lt;a href=&quot;https:\/\/micelium.es\/wp-login.php?action=logout&#038;redirect_to=https%3A%2F%2Fmicelium.es%2Fmi-cuenta%2F%3Felementor_wc_logout%3Dtrue%26elementor_my_account_redirect%3Dhttps%3A%2F%2Fmicelium.es%2Fmi-cuenta%2F&#038;_wpnonce=729de600e2&quot;&gt;Cerrar sesi\u00f3n&lt;\/a&gt;) Desde el escritorio de tu cuenta puedes ver tus &lt;a href=&quot;https:\/\/micelium.es\/mi-cuenta\/orders\/&quot;&gt;pedidos recientes&lt;\/a&gt;, gestionar tus &lt;a href=&quot;https:\/\/micelium.es\/mi-cuenta\/edit-address\/&quot;&gt;direcciones de env\u00edo y facturaci\u00f3n&lt;\/a&gt; y &lt;a href=&quot;https:\/\/micelium.es\/mi-cuenta\/edit-account\/&quot;&gt;editar tu contrase\u00f1a y los detalles de tu [&hellip;]\" \/>\n<meta property=\"og:url\" content=\"https:\/\/micelium.es\/en\/mi-cuenta\/\" \/>\n<meta property=\"og:site_name\" content=\"Micelium Coworking Space\" \/>\n<meta property=\"article:publisher\" content=\"https:\/\/www.facebook.com\/Miceliumcenter\/\" \/>\n<meta property=\"article:modified_time\" content=\"2026-04-23T20:16:42+00:00\" \/>\n<meta property=\"og:image\" content=\"https:\/\/i0.wp.com\/micelium.es\/wp-content\/uploads\/2022\/03\/Micelium-corto-negro.png?fit=3508%2C3508&ssl=1\" \/>\n\t<meta property=\"og:image:width\" content=\"3508\" \/>\n\t<meta property=\"og:image:height\" content=\"3508\" \/>\n\t<meta property=\"og:image:type\" content=\"image\/png\" \/>\n<meta name=\"twitter:card\" content=\"summary_large_image\" \/>\n<meta name=\"twitter:label1\" content=\"Est. reading time\" \/>\n\t<meta name=\"twitter:data1\" content=\"2 minutes\" \/>\n<script type=\"application\/ld+json\" class=\"yoast-schema-graph\">{\"@context\":\"https:\\\/\\\/schema.org\",\"@graph\":[{\"@type\":\"WebPage\",\"@id\":\"https:\\\/\\\/micelium.es\\\/mi-cuenta\\\/\",\"url\":\"https:\\\/\\\/micelium.es\\\/mi-cuenta\\\/\",\"name\":\"Mi cuenta - Micelium Coworking Space\",\"isPartOf\":{\"@id\":\"https:\\\/\\\/micelium.es\\\/es\\\/#website\"},\"datePublished\":\"2019-07-31T12:59:29+00:00\",\"dateModified\":\"2026-04-23T20:16:42+00:00\",\"breadcrumb\":{\"@id\":\"https:\\\/\\\/micelium.es\\\/mi-cuenta\\\/#breadcrumb\"},\"inLanguage\":\"en-US\",\"potentialAction\":[{\"@type\":\"ReadAction\",\"target\":[\"https:\\\/\\\/micelium.es\\\/mi-cuenta\\\/\"]}]},{\"@type\":\"BreadcrumbList\",\"@id\":\"https:\\\/\\\/micelium.es\\\/mi-cuenta\\\/#breadcrumb\",\"itemListElement\":[{\"@type\":\"ListItem\",\"position\":1,\"name\":\"Portada\",\"item\":\"https:\\\/\\\/micelium.es\\\/\"},{\"@type\":\"ListItem\",\"position\":2,\"name\":\"Perfil de Coworker\"}]},{\"@type\":\"WebSite\",\"@id\":\"https:\\\/\\\/micelium.es\\\/es\\\/#website\",\"url\":\"https:\\\/\\\/micelium.es\\\/es\\\/\",\"name\":\"Micelium Coworking Space\",\"description\":\"Tu espacio de Coworking en D\u00e9nia\",\"publisher\":{\"@id\":\"https:\\\/\\\/micelium.es\\\/es\\\/#organization\"},\"alternateName\":\"Centro de Coworking en D\u00e9nia\",\"potentialAction\":[{\"@type\":\"SearchAction\",\"target\":{\"@type\":\"EntryPoint\",\"urlTemplate\":\"https:\\\/\\\/micelium.es\\\/es\\\/?s={search_term_string}\"},\"query-input\":{\"@type\":\"PropertyValueSpecification\",\"valueRequired\":true,\"valueName\":\"search_term_string\"}}],\"inLanguage\":\"en-US\"},{\"@type\":\"Organization\",\"@id\":\"https:\\\/\\\/micelium.es\\\/es\\\/#organization\",\"name\":\"Micelium Coworking Space\",\"alternateName\":\"Centro de Coworking en D\u00e9nia\",\"url\":\"https:\\\/\\\/micelium.es\\\/es\\\/\",\"logo\":{\"@type\":\"ImageObject\",\"inLanguage\":\"en-US\",\"@id\":\"https:\\\/\\\/micelium.es\\\/es\\\/#\\\/schema\\\/logo\\\/image\\\/\",\"url\":\"http:\\\/\\\/micelium.es\\\/wp-content\\\/uploads\\\/2022\\\/03\\\/Micelium-corto-negro.png\",\"contentUrl\":\"http:\\\/\\\/micelium.es\\\/wp-content\\\/uploads\\\/2022\\\/03\\\/Micelium-corto-negro.png\",\"width\":3508,\"height\":3508,\"caption\":\"Micelium Coworking Space\"},\"image\":{\"@id\":\"https:\\\/\\\/micelium.es\\\/es\\\/#\\\/schema\\\/logo\\\/image\\\/\"},\"sameAs\":[\"https:\\\/\\\/www.facebook.com\\\/Miceliumcenter\\\/\",\"https:\\\/\\\/www.instagram.com\\\/miceliumcenter\\\/?hl=es\"]}]}<\/script>\n<!-- \/ Yoast SEO plugin. -->","yoast_head_json":{"title":"Mi cuenta - Micelium Coworking Space","robots":{"index":"index","follow":"follow","max-snippet":"max-snippet:-1","max-image-preview":"max-image-preview:large","max-video-preview":"max-video-preview:-1"},"canonical":"https:\/\/micelium.es\/en\/mi-cuenta\/","og_locale":"en_US","og_type":"article","og_title":"Mi cuenta - Micelium Coworking Space","og_description":"Escritorio M\u00e9todos de pago M\u00e9todos de pago M\u00e9todos de pago M\u00e9todos de pago Hola &lt;strong&gt;Micelium Coworking Space&lt;\/strong&gt; (\u00bfno eres &lt;strong&gt;Micelium Coworking Space&lt;\/strong&gt;? &lt;a href=\"https:\/\/micelium.es\/wp-login.php?action=logout&#038;redirect_to=https%3A%2F%2Fmicelium.es%2Fmi-cuenta%2F%3Felementor_wc_logout%3Dtrue%26elementor_my_account_redirect%3Dhttps%3A%2F%2Fmicelium.es%2Fmi-cuenta%2F&#038;_wpnonce=729de600e2\"&gt;Cerrar sesi\u00f3n&lt;\/a&gt;) Desde el escritorio de tu cuenta puedes ver tus &lt;a href=\"https:\/\/micelium.es\/mi-cuenta\/orders\/\"&gt;pedidos recientes&lt;\/a&gt;, gestionar tus &lt;a href=\"https:\/\/micelium.es\/mi-cuenta\/edit-address\/\"&gt;direcciones de env\u00edo y facturaci\u00f3n&lt;\/a&gt; y &lt;a href=\"https:\/\/micelium.es\/mi-cuenta\/edit-account\/\"&gt;editar tu contrase\u00f1a y los detalles de tu [&hellip;]","og_url":"https:\/\/micelium.es\/en\/mi-cuenta\/","og_site_name":"Micelium Coworking Space","article_publisher":"https:\/\/www.facebook.com\/Miceliumcenter\/","article_modified_time":"2026-04-23T20:16:42+00:00","og_image":[{"width":3508,"height":3508,"url":"https:\/\/i0.wp.com\/micelium.es\/wp-content\/uploads\/2022\/03\/Micelium-corto-negro.png?fit=3508%2C3508&ssl=1","type":"image\/png"}],"twitter_card":"summary_large_image","twitter_misc":{"Est. reading time":"2 minutes"},"schema":{"@context":"https:\/\/schema.org","@graph":[{"@type":"WebPage","@id":"https:\/\/micelium.es\/mi-cuenta\/","url":"https:\/\/micelium.es\/mi-cuenta\/","name":"Mi cuenta - Micelium Coworking Space","isPartOf":{"@id":"https:\/\/micelium.es\/es\/#website"},"datePublished":"2019-07-31T12:59:29+00:00","dateModified":"2026-04-23T20:16:42+00:00","breadcrumb":{"@id":"https:\/\/micelium.es\/mi-cuenta\/#breadcrumb"},"inLanguage":"en-US","potentialAction":[{"@type":"ReadAction","target":["https:\/\/micelium.es\/mi-cuenta\/"]}]},{"@type":"BreadcrumbList","@id":"https:\/\/micelium.es\/mi-cuenta\/#breadcrumb","itemListElement":[{"@type":"ListItem","position":1,"name":"Portada","item":"https:\/\/micelium.es\/"},{"@type":"ListItem","position":2,"name":"Perfil de Coworker"}]},{"@type":"WebSite","@id":"https:\/\/micelium.es\/es\/#website","url":"https:\/\/micelium.es\/es\/","name":"Micelium Coworking Space","description":"Your Coworking space in D\u00e9nia","publisher":{"@id":"https:\/\/micelium.es\/es\/#organization"},"alternateName":"Centro de Coworking en D\u00e9nia","potentialAction":[{"@type":"SearchAction","target":{"@type":"EntryPoint","urlTemplate":"https:\/\/micelium.es\/es\/?s={search_term_string}"},"query-input":{"@type":"PropertyValueSpecification","valueRequired":true,"valueName":"search_term_string"}}],"inLanguage":"en-US"},{"@type":"Organization","@id":"https:\/\/micelium.es\/es\/#organization","name":"Micelium Coworking Space","alternateName":"Centro de Coworking en D\u00e9nia","url":"https:\/\/micelium.es\/es\/","logo":{"@type":"ImageObject","inLanguage":"en-US","@id":"https:\/\/micelium.es\/es\/#\/schema\/logo\/image\/","url":"http:\/\/micelium.es\/wp-content\/uploads\/2022\/03\/Micelium-corto-negro.png","contentUrl":"http:\/\/micelium.es\/wp-content\/uploads\/2022\/03\/Micelium-corto-negro.png","width":3508,"height":3508,"caption":"Micelium Coworking Space"},"image":{"@id":"https:\/\/micelium.es\/es\/#\/schema\/logo\/image\/"},"sameAs":["https:\/\/www.facebook.com\/Miceliumcenter\/","https:\/\/www.instagram.com\/miceliumcenter\/?hl=es"]}]}},"_links":{"self":[{"href":"https:\/\/micelium.es\/en\/wp-json\/wp\/v2\/pages\/4788","targetHints":{"allow":["GET"]}}],"collection":[{"href":"https:\/\/micelium.es\/en\/wp-json\/wp\/v2\/pages"}],"about":[{"href":"https:\/\/micelium.es\/en\/wp-json\/wp\/v2\/types\/page"}],"author":[{"embeddable":true,"href":"https:\/\/micelium.es\/en\/wp-json\/wp\/v2\/users\/1"}],"replies":[{"embeddable":true,"href":"https:\/\/micelium.es\/en\/wp-json\/wp\/v2\/comments?post=4788"}],"version-history":[{"count":3,"href":"https:\/\/micelium.es\/en\/wp-json\/wp\/v2\/pages\/4788\/revisions"}],"predecessor-version":[{"id":22129,"href":"https:\/\/micelium.es\/en\/wp-json\/wp\/v2\/pages\/4788\/revisions\/22129"}],"wp:attachment":[{"href":"https:\/\/micelium.es\/en\/wp-json\/wp\/v2\/media?parent=4788"}],"curies":[{"name":"wp","href":"https:\/\/api.w.org\/{rel}","templated":true}]}}