{"id":4790,"date":"2019-07-31T13:00:26","date_gmt":"2019-07-31T13:00:26","guid":{"rendered":"http:\/\/micelium.es\/?page_id=4790"},"modified":"2026-03-03T09:55:06","modified_gmt":"2026-03-03T08:55:06","slug":"terminos-y-condiciones","status":"publish","type":"page","link":"https:\/\/micelium.es\/fr\/terminos-y-condiciones\/","title":{"rendered":"T\u00e9rminos y condiciones"},"content":{"rendered":"<div data-elementor-type=\"wp-page\" data-elementor-id=\"4790\" class=\"elementor elementor-4790\" data-elementor-post-type=\"page\">\n\t\t\t\t<div class=\"elementor-element elementor-element-23a36adb e-flex e-con-boxed e-con e-parent\" data-id=\"23a36adb\" data-element_type=\"container\" data-e-type=\"container\">\n\t\t\t\t\t<div class=\"e-con-inner\">\n\t\t\t\t<div class=\"elementor-element elementor-element-41742b0e elementor-widget__width-inherit elementor-widget elementor-widget-text-editor\" data-id=\"41742b0e\" data-element_type=\"widget\" data-e-type=\"widget\" data-widget_type=\"text-editor.default\">\n\t\t\t\t<div class=\"elementor-widget-container\">\n\t\t\t\t\t\t\t\t\t<p>Bienvenido a Micelium Coworking Space. Estos t\u00e9rminos y condiciones rigen el uso de nuestro sitio web www.micelium.es y la reserva de servicios de coworking en nuestras instalaciones ubicadas en Calle Vergel n\u00ba10, bajo en D\u00e9nia, Alicante 03700. Al acceder y utilizar nuestro sitio web, aceptas cumplir y estar sujeto a estos t\u00e9rminos y condiciones.<\/p><p><b><br \/>1. Reserva de Servicios de Coworking<\/b><\/p><p>1.1. <u>Reserva de Espacios:<\/u> Los usuarios tienen la opci\u00f3n de reservar espacios de coworking a trav\u00e9s de nuestro sitio web. La reserva est\u00e1 sujeta a disponibilidad.<\/p><p>1.2. <u>Pago de Reservas: <\/u>El pago de la reserva se realiza en l\u00ednea mediante tarjeta de cr\u00e9dito u otros m\u00e9todos de pago disponibles en nuestro sitio web.<\/p><p><b style=\"text-align: var(--text-align); letter-spacing: 0px;\"><br \/>2. Responsabilidad del Usuario<\/b><\/p><p>2.1. Los usuarios son responsables de proporcionar informaci\u00f3n precisa y actualizada al realizar una reserva a trav\u00e9s de nuestro sitio web.<\/p><p>2.2. Los usuarios deben respetar las normas y regulaciones de Micelium Coworking Space durante su estad\u00eda en nuestras instalaciones.<\/p><p><b style=\"text-align: var(--text-align); letter-spacing: 0px;\"><br \/>3. Propiedad Intelectual<\/b><\/p><p>3.1. Todos los derechos de propiedad intelectual relacionados con el sitio web y su contenido, incluidos, entre otros, los textos, gr\u00e1ficos, logotipos, im\u00e1genes y software, son propiedad de Micelium Coworking Space o de sus licenciantes.<\/p><p><b>4. Ley Aplicable<\/b><\/p><p>4.1. Estos t\u00e9rminos y condiciones se rigen por las leyes de Espa\u00f1a y cualquier disputa relacionada con estos t\u00e9rminos y condiciones estar\u00e1 sujeta a la jurisdicci\u00f3n exclusiva de los tribunales de Espa\u00f1a.<\/p><p><span style=\"letter-spacing: 0px; text-align: var(--text-align);\"><br \/><b>5. Contacto<\/b><\/span><\/p><p>5.1. Para cualquier pregunta o consulta relacionada con estos t\u00e9rminos y condiciones, puedes contactarnos a trav\u00e9s de correo electr\u00f3nico a contacto@micelium.es o llamando al tel\u00e9fono 685581422.<\/p><p><b>6. Modificaciones<\/b><\/p><p>6.1. Micelium Coworking Space se reserva el derecho de modificar estos t\u00e9rminos y condiciones en cualquier momento. Las modificaciones entrar\u00e1n en vigencia despu\u00e9s de su publicaci\u00f3n en nuestro sitio web.<\/p><p>Al reservar servicios de coworking en <b>Micelium Espace De Coworking<\/b> a trav\u00e9s de nuestro sitio web, aceptas estos t\u00e9rminos y condiciones en su totalidad. Te recomendamos que revises regularmente estos t\u00e9rminos y condiciones para estar al tanto de cualquier cambio.<\/p><p><b>7. Devoluciones<\/b><\/p><p>7.1 Las reservas en Micelium Coworking podr\u00e1n cancelarse con devoluci\u00f3n \u00edntegra del importe siempre que la cancelaci\u00f3n se realice con al menos 24 horas de antelaci\u00f3n.<\/p><p>Si la cancelaci\u00f3n se efect\u00faa con menos de 24 horas y hasta 1 hora antes del inicio de la reserva, no se realizar\u00e1 devoluci\u00f3n del importe abonado, pero se generar\u00e1 un cup\u00f3n por el mismo valor para su uso en futuras reservas, sujeto a disponibilidad y previo acuerdo con la administraci\u00f3n.<\/p><p>Las cancelaciones realizadas con menos de 1 hora de antelaci\u00f3n no tendr\u00e1n derecho a devoluci\u00f3n ni a cup\u00f3n<\/p>\t\t\t\t\t\t\t\t<\/div>\n\t\t\t\t<\/div>\n\t\t\t\t\t<\/div>\n\t\t\t\t<\/div>\n\t\t\t\t<\/div>","protected":false},"excerpt":{"rendered":"<p>Bienvenido a Micelium Coworking Space. Estos t\u00e9rminos y condiciones rigen el uso de nuestro sitio web www.micelium.es y la reserva de servicios de coworking en nuestras instalaciones ubicadas en Calle Vergel n\u00ba10, bajo en D\u00e9nia, Alicante 03700. Al acceder y utilizar nuestro sitio web, aceptas cumplir y estar sujeto a estos t\u00e9rminos y condiciones. 1. [&hellip;]<\/p>\n","protected":false},"author":1,"featured_media":0,"parent":0,"menu_order":0,"comment_status":"closed","ping_status":"closed","template":"elementor_header_footer","meta":{"content-type":"","_joinchat":[],"footnotes":""},"class_list":["post-4790","page","type-page","status-publish","hentry"],"yoast_head":"<!-- This site is optimized with the Yoast SEO plugin v27.3 - https:\/\/yoast.com\/product\/yoast-seo-wordpress\/ -->\n<title>T\u00e9rminos y condiciones - Micelium Coworking Space<\/title>\n<meta name=\"robots\" content=\"index, follow, max-snippet:-1, max-image-preview:large, max-video-preview:-1\" \/>\n<link rel=\"canonical\" href=\"https:\/\/micelium.es\/fr\/terminos-y-condiciones\/\" \/>\n<meta property=\"og:locale\" content=\"fr_FR\" \/>\n<meta property=\"og:type\" content=\"article\" \/>\n<meta property=\"og:title\" content=\"T\u00e9rminos y condiciones - Micelium Coworking Space\" \/>\n<meta property=\"og:description\" content=\"Bienvenido a Micelium Coworking Space. Estos t\u00e9rminos y condiciones rigen el uso de nuestro sitio web www.micelium.es y la reserva de servicios de coworking en nuestras instalaciones ubicadas en Calle Vergel n\u00ba10, bajo en D\u00e9nia, Alicante 03700. Al acceder y utilizar nuestro sitio web, aceptas cumplir y estar sujeto a estos t\u00e9rminos y condiciones. 1. [&hellip;]\" \/>\n<meta property=\"og:url\" content=\"https:\/\/micelium.es\/fr\/terminos-y-condiciones\/\" \/>\n<meta property=\"og:site_name\" content=\"Micelium Coworking Space\" \/>\n<meta property=\"article:publisher\" content=\"https:\/\/www.facebook.com\/Miceliumcenter\/\" \/>\n<meta property=\"article:modified_time\" content=\"2026-03-03T08:55:06+00:00\" \/>\n<meta property=\"og:image\" content=\"https:\/\/i0.wp.com\/micelium.es\/wp-content\/uploads\/2022\/03\/Micelium-corto-negro.png?fit=3508%2C3508&ssl=1\" \/>\n\t<meta property=\"og:image:width\" content=\"3508\" \/>\n\t<meta property=\"og:image:height\" content=\"3508\" \/>\n\t<meta property=\"og:image:type\" content=\"image\/png\" \/>\n<meta name=\"twitter:card\" content=\"summary_large_image\" \/>\n<meta name=\"twitter:label1\" content=\"Dur\u00e9e de lecture estim\u00e9e\" \/>\n\t<meta name=\"twitter:data1\" content=\"2 minutes\" \/>\n<script type=\"application\/ld+json\" class=\"yoast-schema-graph\">{\"@context\":\"https:\\\/\\\/schema.org\",\"@graph\":[{\"@type\":\"WebPage\",\"@id\":\"https:\\\/\\\/micelium.es\\\/en\\\/terminos-y-condiciones\\\/\",\"url\":\"https:\\\/\\\/micelium.es\\\/en\\\/terminos-y-condiciones\\\/\",\"name\":\"T\u00e9rminos y condiciones - Micelium Coworking Space\",\"isPartOf\":{\"@id\":\"https:\\\/\\\/micelium.es\\\/es\\\/#website\"},\"datePublished\":\"2019-07-31T13:00:26+00:00\",\"dateModified\":\"2026-03-03T08:55:06+00:00\",\"breadcrumb\":{\"@id\":\"https:\\\/\\\/micelium.es\\\/en\\\/terminos-y-condiciones\\\/#breadcrumb\"},\"inLanguage\":\"fr-FR\",\"potentialAction\":[{\"@type\":\"ReadAction\",\"target\":[\"https:\\\/\\\/micelium.es\\\/en\\\/terminos-y-condiciones\\\/\"]}]},{\"@type\":\"BreadcrumbList\",\"@id\":\"https:\\\/\\\/micelium.es\\\/en\\\/terminos-y-condiciones\\\/#breadcrumb\",\"itemListElement\":[{\"@type\":\"ListItem\",\"position\":1,\"name\":\"Portada\",\"item\":\"https:\\\/\\\/micelium.es\\\/es\\\/\"},{\"@type\":\"ListItem\",\"position\":2,\"name\":\"T\u00e9rminos y condiciones\"}]},{\"@type\":\"WebSite\",\"@id\":\"https:\\\/\\\/micelium.es\\\/es\\\/#website\",\"url\":\"https:\\\/\\\/micelium.es\\\/es\\\/\",\"name\":\"Micelium Coworking Space\",\"description\":\"Tu espacio de Coworking en D\u00e9nia\",\"publisher\":{\"@id\":\"https:\\\/\\\/micelium.es\\\/es\\\/#organization\"},\"alternateName\":\"Centro de Coworking en D\u00e9nia\",\"potentialAction\":[{\"@type\":\"SearchAction\",\"target\":{\"@type\":\"EntryPoint\",\"urlTemplate\":\"https:\\\/\\\/micelium.es\\\/es\\\/?s={search_term_string}\"},\"query-input\":{\"@type\":\"PropertyValueSpecification\",\"valueRequired\":true,\"valueName\":\"search_term_string\"}}],\"inLanguage\":\"fr-FR\"},{\"@type\":\"Organization\",\"@id\":\"https:\\\/\\\/micelium.es\\\/es\\\/#organization\",\"name\":\"Micelium Coworking Space\",\"alternateName\":\"Centro de Coworking en D\u00e9nia\",\"url\":\"https:\\\/\\\/micelium.es\\\/es\\\/\",\"logo\":{\"@type\":\"ImageObject\",\"inLanguage\":\"fr-FR\",\"@id\":\"https:\\\/\\\/micelium.es\\\/es\\\/#\\\/schema\\\/logo\\\/image\\\/\",\"url\":\"https:\\\/\\\/micelium.es\\\/wp-content\\\/uploads\\\/2022\\\/03\\\/Micelium-corto-negro.png\",\"contentUrl\":\"https:\\\/\\\/micelium.es\\\/wp-content\\\/uploads\\\/2022\\\/03\\\/Micelium-corto-negro.png\",\"width\":3508,\"height\":3508,\"caption\":\"Micelium Coworking Space\"},\"image\":{\"@id\":\"https:\\\/\\\/micelium.es\\\/es\\\/#\\\/schema\\\/logo\\\/image\\\/\"},\"sameAs\":[\"https:\\\/\\\/www.facebook.com\\\/Miceliumcenter\\\/\",\"https:\\\/\\\/www.instagram.com\\\/miceliumcenter\\\/?hl=es\"]}]}<\/script>\n<!-- \/ Yoast SEO plugin. -->","yoast_head_json":{"title":"T\u00e9rminos y condiciones - Micelium Coworking Space","robots":{"index":"index","follow":"follow","max-snippet":"max-snippet:-1","max-image-preview":"max-image-preview:large","max-video-preview":"max-video-preview:-1"},"canonical":"https:\/\/micelium.es\/fr\/terminos-y-condiciones\/","og_locale":"fr_FR","og_type":"article","og_title":"T\u00e9rminos y condiciones - Micelium Coworking Space","og_description":"Bienvenido a Micelium Coworking Space. Estos t\u00e9rminos y condiciones rigen el uso de nuestro sitio web www.micelium.es y la reserva de servicios de coworking en nuestras instalaciones ubicadas en Calle Vergel n\u00ba10, bajo en D\u00e9nia, Alicante 03700. Al acceder y utilizar nuestro sitio web, aceptas cumplir y estar sujeto a estos t\u00e9rminos y condiciones. 1. [&hellip;]","og_url":"https:\/\/micelium.es\/fr\/terminos-y-condiciones\/","og_site_name":"Micelium Coworking Space","article_publisher":"https:\/\/www.facebook.com\/Miceliumcenter\/","article_modified_time":"2026-03-03T08:55:06+00:00","og_image":[{"width":3508,"height":3508,"url":"https:\/\/i0.wp.com\/micelium.es\/wp-content\/uploads\/2022\/03\/Micelium-corto-negro.png?fit=3508%2C3508&ssl=1","type":"image\/png"}],"twitter_card":"summary_large_image","twitter_misc":{"Dur\u00e9e de lecture estim\u00e9e":"2 minutes"},"schema":{"@context":"https:\/\/schema.org","@graph":[{"@type":"WebPage","@id":"https:\/\/micelium.es\/en\/terminos-y-condiciones\/","url":"https:\/\/micelium.es\/en\/terminos-y-condiciones\/","name":"T\u00e9rminos y condiciones - Micelium Coworking Space","isPartOf":{"@id":"https:\/\/micelium.es\/es\/#website"},"datePublished":"2019-07-31T13:00:26+00:00","dateModified":"2026-03-03T08:55:06+00:00","breadcrumb":{"@id":"https:\/\/micelium.es\/en\/terminos-y-condiciones\/#breadcrumb"},"inLanguage":"fr-FR","potentialAction":[{"@type":"ReadAction","target":["https:\/\/micelium.es\/en\/terminos-y-condiciones\/"]}]},{"@type":"BreadcrumbList","@id":"https:\/\/micelium.es\/en\/terminos-y-condiciones\/#breadcrumb","itemListElement":[{"@type":"ListItem","position":1,"name":"Portada","item":"https:\/\/micelium.es\/es\/"},{"@type":"ListItem","position":2,"name":"T\u00e9rminos y condiciones"}]},{"@type":"WebSite","@id":"https:\/\/micelium.es\/es\/#website","url":"https:\/\/micelium.es\/es\/","name":"Micelium Espace De Coworking","description":"Votre espace de Coworking de D\u00e9nia","publisher":{"@id":"https:\/\/micelium.es\/es\/#organization"},"alternateName":"Centro de Coworking en D\u00e9nia","potentialAction":[{"@type":"SearchAction","target":{"@type":"EntryPoint","urlTemplate":"https:\/\/micelium.es\/es\/?s={search_term_string}"},"query-input":{"@type":"PropertyValueSpecification","valueRequired":true,"valueName":"search_term_string"}}],"inLanguage":"fr-FR"},{"@type":"Organization","@id":"https:\/\/micelium.es\/es\/#organization","name":"Micelium Espace De Coworking","alternateName":"Centro de Coworking en D\u00e9nia","url":"https:\/\/micelium.es\/es\/","logo":{"@type":"ImageObject","inLanguage":"fr-FR","@id":"https:\/\/micelium.es\/es\/#\/schema\/logo\/image\/","url":"https:\/\/micelium.es\/wp-content\/uploads\/2022\/03\/Micelium-corto-negro.png","contentUrl":"https:\/\/micelium.es\/wp-content\/uploads\/2022\/03\/Micelium-corto-negro.png","width":3508,"height":3508,"caption":"Micelium Coworking Space"},"image":{"@id":"https:\/\/micelium.es\/es\/#\/schema\/logo\/image\/"},"sameAs":["https:\/\/www.facebook.com\/Miceliumcenter\/","https:\/\/www.instagram.com\/miceliumcenter\/?hl=es"]}]}},"_links":{"self":[{"href":"https:\/\/micelium.es\/fr\/wp-json\/wp\/v2\/pages\/4790","targetHints":{"allow":["GET"]}}],"collection":[{"href":"https:\/\/micelium.es\/fr\/wp-json\/wp\/v2\/pages"}],"about":[{"href":"https:\/\/micelium.es\/fr\/wp-json\/wp\/v2\/types\/page"}],"author":[{"embeddable":true,"href":"https:\/\/micelium.es\/fr\/wp-json\/wp\/v2\/users\/1"}],"replies":[{"embeddable":true,"href":"https:\/\/micelium.es\/fr\/wp-json\/wp\/v2\/comments?post=4790"}],"version-history":[{"count":0,"href":"https:\/\/micelium.es\/fr\/wp-json\/wp\/v2\/pages\/4790\/revisions"}],"wp:attachment":[{"href":"https:\/\/micelium.es\/fr\/wp-json\/wp\/v2\/media?parent=4790"}],"curies":[{"name":"wp","href":"https:\/\/api.w.org\/{rel}","templated":true}]}}